{"id":349,"date":"2023-11-06T20:44:02","date_gmt":"2023-11-06T19:44:02","guid":{"rendered":"https:\/\/torneobalonmanoanaitasuna.com\/?page_id=349"},"modified":"2023-11-06T20:44:02","modified_gmt":"2023-11-06T19:44:02","slug":"politica-de-cookies","status":"publish","type":"page","link":"https:\/\/torneobalonmanoanaitasuna.com\/index.php\/politica-de-cookies\/","title":{"rendered":"Pol\u00edtica de cookies"},"content":{"rendered":"\r\n\r\n\r\n<p>A trav\u00e9s de este sitio web no se recaban datos de car\u00e1cter personal de los usuarios sin su conocimiento, ni se ceden a terceros.<\/p>\r\n\r\n\r\n\r\n<h3 class=\"wp-block-heading\">\u00bfQu\u00e9 son las Cookies?<\/h3>\r\n<p>Las cookies son peque\u00f1os archivos de texto que se almacenan en tu dispositivo cuando visitas un sitio web. Se utilizan ampliamente para que los sitios web funcionen correctamente, proporcionando una experiencia de navegaci\u00f3n m\u00e1s eficiente para el usuario.<\/p>\r\n<h3>Tipos de Cookies que Utilizamos<\/h3>\r\n<ul>\r\n<li>\r\n<p><strong>Cookies Esenciales:<\/strong> Estas cookies son necesarias para el funcionamiento b\u00e1sico de nuestro sitio web. Permiten la navegaci\u00f3n y el acceso a \u00e1reas seguras del sitio web.<\/p>\r\n<\/li>\r\n<li>\r\n<p><strong>Cookies de Rendimiento:<\/strong> Estas cookies nos ayudan a entender c\u00f3mo los visitantes interact\u00faan con nuestro sitio web, proporcion\u00e1ndonos informaci\u00f3n sobre las \u00e1reas que visitan con m\u00e1s frecuencia y si experimentan alg\u00fan error. Esta informaci\u00f3n nos permite mejorar continuamente nuestro sitio web y su rendimiento.<\/p>\r\n<\/li>\r\n<li>\r\n<p><strong>Cookies de Funcionalidad:<\/strong> Estas cookies se utilizan para recordar las preferencias que has seleccionado en el sitio web, como el idioma de navegaci\u00f3n y las opciones de personalizaci\u00f3n. Tambi\u00e9n pueden utilizarse para proporcionarte servicios solicitados, como ver un video o comentar en un blog.<\/p>\r\n<\/li>\r\n<li>\r\n<p><strong>Cookies de Publicidad:<\/strong> Estas cookies se utilizan para mostrar anuncios relevantes para ti y tus intereses. Tambi\u00e9n se utilizan para limitar la cantidad de veces que ves un anuncio y ayudar a medir la efectividad de las campa\u00f1as publicitarias.<\/p>\r\n<\/li>\r\n<\/ul>\r\n<h3>Control de Cookies<\/h3>\r\n<p>Puedes gestionar las cookies en la configuraci\u00f3n de tu navegador. La mayor\u00eda de los navegadores te permiten rechazar o aceptar cookies, as\u00ed como eliminar las cookies existentes. Ten en cuenta que deshabilitar las cookies puede afectar la funcionalidad de nuestro sitio web.<\/p>\r\n<p>Puede ver m\u00e1s informaci\u00f3n sobre su navegador y las cookies en los siguientes enlaces:<\/p>\r\n<ul>\r\n<li><b>Chrome:\u00a0<\/b><a href=\"http:\/\/support.google.com\/chrome\/bin\/answer.py?hl=es&amp;answer=95647\">http:\/\/support.google.com\/chrome\/bin\/answer.py?hl=es&amp;answer=95647<\/a><\/li>\r\n<li><b>Firefox:\u00a0<\/b><a href=\"http:\/\/support.mozilla.org\/es\/kb\/habilitar-y-deshabilitar-cookies-que-los-sitios-we\">http:\/\/support.mozilla.org\/es\/kb\/habilitar-y-deshabilitar-cookies-que-los-sitios-we<\/a><\/li>\r\n<li><b>Internet Explorer:\u00a0<\/b><a href=\"http:\/\/windows.microsoft.com\/es-es\/windows7\/how-to-manage-cookies-in-internet-explorer-9\">http:\/\/windows.microsoft.com\/es-es\/windows7\/how-to-manage-cookies-in-internet-explorer-9<\/a><\/li>\r\n<li><b>Safari:\u00a0<\/b><a href=\"http:\/\/support.apple.com\/kb\/ph5042\">http:\/\/support.apple.com\/kb\/ph5042<\/a><\/li>\r\n<li><b>Opera:\u00a0<\/b><a href=\"http:\/\/help.opera.com\/Windows\/11.50\/es-ES\/cookies.html\">http:\/\/help.opera.com\/Windows\/11.50\/es-ES\/cookies.html<\/a><\/li>\r\n<\/ul>\r\n<h3>Cambios en nuestra Pol\u00edtica de Cookies<\/h3>\r\n<p>Nos reservamos el derecho de modificar esta pol\u00edtica de cookies en cualquier momento. Cualquier cambio significativo ser\u00e1 notificado a trav\u00e9s de nuestro sitio web.<\/p>\r\n<h3>Contacto<\/h3>\r\n<p>Si tienes preguntas sobre esta Pol\u00edtica de Privacidad, por favor cont\u00e1ctanos a trav\u00e9s de balonmano@anaitasuna.com o el tel\u00e9fono 948 25 49 00.<\/p>\r\n<p>Fecha de \u00faltima actualizaci\u00f3n: 5-11-2023<\/p>\r\n","protected":false},"excerpt":{"rendered":"<p>A trav\u00e9s de este sitio web no se recaban datos [&hellip;]<\/p>\n","protected":false},"author":1,"featured_media":0,"parent":0,"menu_order":0,"comment_status":"closed","ping_status":"open","template":"","meta":{"footnotes":""},"class_list":["post-349","page","type-page","status-publish","hentry"],"_links":{"self":[{"href":"https:\/\/torneobalonmanoanaitasuna.com\/index.php\/wp-json\/wp\/v2\/pages\/349","targetHints":{"allow":["GET"]}}],"collection":[{"href":"https:\/\/torneobalonmanoanaitasuna.com\/index.php\/wp-json\/wp\/v2\/pages"}],"about":[{"href":"https:\/\/torneobalonmanoanaitasuna.com\/index.php\/wp-json\/wp\/v2\/types\/page"}],"author":[{"embeddable":true,"href":"https:\/\/torneobalonmanoanaitasuna.com\/index.php\/wp-json\/wp\/v2\/users\/1"}],"replies":[{"embeddable":true,"href":"https:\/\/torneobalonmanoanaitasuna.com\/index.php\/wp-json\/wp\/v2\/comments?post=349"}],"version-history":[{"count":1,"href":"https:\/\/torneobalonmanoanaitasuna.com\/index.php\/wp-json\/wp\/v2\/pages\/349\/revisions"}],"predecessor-version":[{"id":350,"href":"https:\/\/torneobalonmanoanaitasuna.com\/index.php\/wp-json\/wp\/v2\/pages\/349\/revisions\/350"}],"wp:attachment":[{"href":"https:\/\/torneobalonmanoanaitasuna.com\/index.php\/wp-json\/wp\/v2\/media?parent=349"}],"curies":[{"name":"wp","href":"https:\/\/api.w.org\/{rel}","templated":true}]}}